{"id":3722,"date":"2018-02-09T11:35:06","date_gmt":"2018-02-09T10:35:06","guid":{"rendered":"http:\/\/labelbleuproduction.com\/?page_id=3722"},"modified":"2020-06-23T11:52:44","modified_gmt":"2020-06-23T09:52:44","slug":"accueil-en","status":"publish","type":"page","link":"https:\/\/www.labelbleuproduction.com\/en\/","title":{"rendered":"Underwater cinematographer"},"content":{"rendered":"<p>[vc_section full_width=&#8221;stretch_row_content&#8221;][vc_row full_width=&#8221;stretch_row_content_no_spaces_content&#8221;][vc_column][vc_raw_html]JTNDZGl2JTIwY2xhc3MlM0QlMjJlbWJlZC1jb250YWluZXIlMjIlM0UlM0NpZnJhbWUlMjBzcmMlM0QlMjJodHRwcyUzQSUyRiUyRnBsYXllci52aW1lby5jb20lMkZ2aWRlbyUyRjI1MjcwNTU3MSUzRmF1dG9wbGF5JTNEMSUyNnRpdGxlJTNEMCUyNmJ5bGluZSUzRDAlMjZwb3J0cmFpdCUzRDAlMjIlMjBmcmFtZWJvcmRlciUzRCUyMjAlMjIlMjB3ZWJraXRBbGxvd0Z1bGxTY3JlZW4lMjBtb3phbGxvd2Z1bGxzY3JlZW4lMjBhbGxvd0Z1bGxTY3JlZW4lM0UlM0MlMkZpZnJhbWUlM0UlM0MlMkZkaXYlM0U=[\/vc_raw_html][film_clearfix beau_xxl=&#8221;100px&#8221; beau_xl=&#8221;80px&#8221; beau_lg=&#8221;60px&#8221; beau_md=&#8221;40px&#8221; beau_sm=&#8221;30px&#8221; beau_xs=&#8221;50px&#8221;][vc_column_text el_class=&#8221;title-desc&#8221; el_id=&#8221;ancrefilmsaccueil&#8221;]<\/p>\n<h1>UNDERWATER CINEMATOGRAPHER FRANCE<\/h1>\n<div class=\"titreLabelBleu\">LABEL BLEU<\/div>\n<p>[\/vc_column_text][\/vc_column][\/vc_row][vc_row el_class=&#8221;image-cover&#8221;][vc_column][vc_single_image image=&#8221;256&#8243; img_size=&#8221;full&#8221; alignment=&#8221;center&#8221;][film_clearfix beau_xxl=&#8221;5rem&#8221; beau_xl=&#8221;4rem&#8221; beau_lg=&#8221;3rem&#8221; beau_md=&#8221;2rem&#8221;][\/vc_column][\/vc_row][vc_row full_width=&#8221;stretch_row_content_no_spaces_content&#8221;][vc_column][vc_row_inner el_class=&#8221;content-love-film content-viewmore&#8221;][vc_column_inner width=&#8221;1\/2&#8243;][vc_column_text]<\/p>\n<h5><strong>LABEL BLEU SUPPLIES SPECIALIST TAYLOR-MADE SERVICES TO FILM COMPANIES, TV CHANNELS AND TO THE INTERNET, FOR DOCUMENTARIES, NEWS PROGRAMMES, MAGAZINES AND LIVE BROADCASTS<br \/>\n<\/strong><\/h5>\n<p>[\/vc_column_text][\/vc_column_inner][vc_column_inner width=&#8221;1\/2&#8243;][vc_column_text]We produce, executive produce and direct films for clients and often produce our own. We work with a tight and highly reactive team and have long established contacts across 5 continents and in the most remote corners of the Earth. Our main offices are in France and our team is European based.<\/p>\n<p>We are particularly effective for film shoots in Europe, Africa, the Atlantic and Indian Oceans as well as the Mediterranean Sea. Our experience and mobility mean being able to respond fast to any need, within a reasonable budget.<\/p>\n<p>We have over 7000 hours of images with more than 3000 unreleased underwater sequences in our image bank. If you don\u2019t see what you are looking for, we will know exactly where to find it, or we can organise a film shoot for you specifically.<\/p>\n<p>We specialise in extraordinary images, a lot of which* have been seen by audiences across the Globe.<\/p>\n<p>We always love a good challenge!<\/p>\n<p><span data-sheets-value=\"{&quot;1&quot;:2,&quot;2&quot;:&quot;The Beaubua Film Studio is one of the top 10 Film Studios, Filmmakers and Film center in the world (2017) which launched in October 2000 by Haphar and Kiemty, the brothers who founded Best Films in 1979. Beaubua also encompasses Tania Films, the genre label founded in 1993 by Vania Weinstein. During Haphar and Kiemty's tenure at Best and Beaubua, they have received 341 Oscar nominations and won 81 Academy Awards. Beaubua Film Studio believes that great stories inspire great possibilities. Striving for the best storytelling imaginable, Beaubuas rewrites the rules of whatu2019s been done by encouraging its team and fans alike to imagine something different.&quot;}\" data-sheets-userformat=\"{&quot;2&quot;:15235,&quot;3&quot;:{&quot;1&quot;:0},&quot;4&quot;:{&quot;1&quot;:2,&quot;2&quot;:16777215},&quot;10&quot;:1,&quot;11&quot;:4,&quot;12&quot;:0,&quot;14&quot;:{&quot;1&quot;:2,&quot;2&quot;:3355443},&quot;15&quot;:&quot;Arial&quot;,&quot;16&quot;:10}\">\u00a0<\/span>[\/vc_column_text][\/vc_column_inner][\/vc_row_inner][\/vc_column][\/vc_row][vc_row full_width=&#8221;stretch_row_content_no_spaces_content&#8221;][vc_column][vc_column_text el_class=&#8221;title-desc&#8221;][\/vc_column_text][vc_row_inner el_class=&#8221;service-nopadding&#8221;][vc_column_inner width=&#8221;1\/4&#8243;][vc_icon type=&#8221;iconfilmmaker&#8221; color=&#8221;black&#8221; size=&#8221;xl&#8221; align=&#8221;center&#8221;][vc_column_text el_class=&#8221;service-item&#8221;]<\/p>\n<h6 style=\"text-align: center;\"><strong>Reports, fictions, movies, advertising<br \/>\n<\/strong><\/h6>\n<p style=\"text-align: center;\">The biggest producers call us to shoot rarely seen species and rare moments<\/p>\n<p>[\/vc_column_text][\/vc_column_inner][vc_column_inner width=&#8221;1\/4&#8243;][vc_icon icon_iconfilmmaker=&#8221;be-46be&#8221; type=&#8221;iconfilmmaker&#8221; color=&#8221;black&#8221; size=&#8221;xl&#8221; align=&#8221;center&#8221;][vc_column_text el_class=&#8221;service-item&#8221;]<\/p>\n<h6 style=\"text-align: center;\"><strong>Seafootage, stock Images Service<br \/>\n<\/strong><\/h6>\n<p style=\"text-align: center;\">Movie Making, underwater filming, Photography Direction, Production, Stock Images : 10 000 rushes, 300 species<\/p>\n<p>[\/vc_column_text][\/vc_column_inner][vc_column_inner width=&#8221;1\/4&#8243;][vc_icon icon_iconfilmmaker=&#8221;be-41be&#8221; type=&#8221;iconfilmmaker&#8221; color=&#8221;black&#8221; size=&#8221;xl&#8221; align=&#8221;center&#8221;][vc_column_text el_class=&#8221;service-item&#8221;]<\/p>\n<h6 style=\"text-align: center;\"><strong>Equipments and logistics<\/strong><\/h6>\n<p style=\"text-align: center;\">Raid Helium 8K, Sony F55 4K, Mini Alexa, Gates Housings, <a href=\"http:\/\/labelbleuproduction.com\/prise-de-vue-sous-marine-3d-4k\/?lang=en\">Seacam 3D.<\/a>\u00a0Boat and underwater lighting. Transportation, Rentals, Charters<\/p>\n<p>[\/vc_column_text][\/vc_column_inner][vc_column_inner width=&#8221;1\/4&#8243;][vc_icon icon_iconfilmmaker=&#8221;be-25be&#8221; type=&#8221;iconfilmmaker&#8221; color=&#8221;black&#8221; size=&#8221;xl&#8221; align=&#8221;center&#8221;][vc_column_text el_class=&#8221;service-item&#8221;]<\/p>\n<h6 style=\"text-align: center;\"><strong>Qualifications and Safety<\/strong><\/h6>\n<p style=\"text-align: center;\">Deep Dives Certified, Professionnal Certified Diver, Caves, Exploration Submarine, Insurance DAN Pro N 416689.18072018.0<\/p>\n<p>[\/vc_column_text][\/vc_column_inner][\/vc_row_inner][\/vc_column][\/vc_row][\/vc_section][vc_row full_width=&#8221;stretch_row_content_no_spaces_content&#8221; el_class=&#8221;counter&#8221;][vc_column width=&#8221;1\/4&#8243;][vc_column_text el_class=&#8221;counter-item&#8221;]<\/p>\n<h2 style=\"text-align: center;\"><strong>7000<\/strong><\/h2>\n<p style=\"text-align: center;\"><strong>HOUR OF FILMING<br \/>\n<\/strong><\/p>\n<p>[\/vc_column_text][\/vc_column][vc_column width=&#8221;1\/4&#8243;][vc_column_text el_class=&#8221;counter-item&#8221;]<\/p>\n<h2 style=\"text-align: center;\"><strong>42<\/strong><\/h2>\n<p style=\"text-align: center;\"><strong>PROJECTS<\/strong><\/p>\n<p>[\/vc_column_text][\/vc_column][vc_column width=&#8221;1\/4&#8243;][vc_column_text el_class=&#8221;counter-item&#8221;]<\/p>\n<h2 style=\"text-align: center;\"><strong>13<\/strong><\/h2>\n<p style=\"text-align: center;\"><strong>AWARDS<br \/>\n<\/strong><\/p>\n<p>[\/vc_column_text][\/vc_column][vc_column width=&#8221;1\/4&#8243;][vc_column_text el_class=&#8221;counter-item&#8221;]<\/p>\n<h2 style=\"text-align: center;\"><strong>7276876<\/strong><\/h2>\n<p style=\"text-align: center;\"><strong>FIN&#8217;S STROKE<br \/>\n<\/strong><\/p>\n<p>[\/vc_column_text][\/vc_column][\/vc_row][vc_row full_width=&#8221;stretch_row_content_no_spaces_content&#8221;][vc_column][film_clearfix beau_xxl=&#8221;100px&#8221; beau_xl=&#8221;80px&#8221; beau_lg=&#8221;60px&#8221; beau_md=&#8221;40px&#8221; beau_sm=&#8221;30px&#8221; beau_xs=&#8221;50px&#8221;][\/vc_column][\/vc_row][vc_row full_width=&#8221;stretch_row_content_no_spaces_content&#8221;][vc_column][vc_row_inner el_class=&#8221;sponsors w100&#8243;][vc_column_inner width=&#8221;1\/6&#8243;][vc_single_image image=&#8221;3705&#8243; img_size=&#8221;full&#8221; alignment=&#8221;center&#8221; onclick=&#8221;custom_link&#8221; link=&#8221;http:\/\/filmmaker.beautheme.com\/&#8221;][\/vc_column_inner][vc_column_inner width=&#8221;1\/6&#8243;][vc_single_image image=&#8221;2992&#8243; img_size=&#8221;full&#8221; alignment=&#8221;center&#8221; onclick=&#8221;custom_link&#8221; link=&#8221;#&#8221;][\/vc_column_inner][vc_column_inner width=&#8221;1\/6&#8243;][vc_single_image image=&#8221;3073&#8243; img_size=&#8221;full&#8221; alignment=&#8221;center&#8221; onclick=&#8221;custom_link&#8221; link=&#8221;#&#8221;][\/vc_column_inner][vc_column_inner width=&#8221;1\/6&#8243;][vc_single_image image=&#8221;2995&#8243; img_size=&#8221;full&#8221; alignment=&#8221;center&#8221; onclick=&#8221;custom_link&#8221; link=&#8221;beautheme.com&#8221;][\/vc_column_inner][vc_column_inner width=&#8221;1\/6&#8243;][vc_single_image image=&#8221;2991&#8243; img_size=&#8221;full&#8221; alignment=&#8221;center&#8221; onclick=&#8221;custom_link&#8221; link=&#8221;#&#8221;][\/vc_column_inner][vc_column_inner width=&#8221;1\/6&#8243;][vc_single_image image=&#8221;3154&#8243; img_size=&#8221;full&#8221; alignment=&#8221;center&#8221; onclick=&#8221;custom_link&#8221; link=&#8221;#&#8221;][\/vc_column_inner][\/vc_row_inner][\/vc_column][vc_column][\/vc_column][\/vc_row][vc_row full_width=&#8221;stretch_row_content_no_spaces_content&#8221; el_class=&#8221;winnings&#8221;][vc_column][vc_row_inner el_class=&#8221;w100 list-image&#8221;][vc_column_inner width=&#8221;1\/4&#8243;][film_clearfix beau_xxl=&#8221;40px&#8221; beau_xl=&#8221;40px&#8221; beau_lg=&#8221;30px&#8221; beau_md=&#8221;30px&#8221; beau_sm=&#8221;20px&#8221; beau_xs=&#8221;20px&#8221;][vc_single_image image=&#8221;2987&#8243; img_size=&#8221;full&#8221; alignment=&#8221;center&#8221;][\/vc_column_inner][vc_column_inner width=&#8221;1\/4&#8243;][film_clearfix beau_xxl=&#8221;40px&#8221; beau_xl=&#8221;40px&#8221; beau_lg=&#8221;30px&#8221; beau_md=&#8221;30px&#8221; beau_sm=&#8221;20px&#8221; beau_xs=&#8221;20px&#8221;][vc_single_image image=&#8221;2985&#8243; img_size=&#8221;full&#8221; alignment=&#8221;center&#8221;][\/vc_column_inner][vc_column_inner width=&#8221;1\/4&#8243;][film_clearfix beau_xxl=&#8221;40px&#8221; beau_xl=&#8221;40px&#8221; beau_lg=&#8221;30px&#8221; beau_md=&#8221;30px&#8221; beau_sm=&#8221;20px&#8221; beau_xs=&#8221;20px&#8221;][vc_single_image image=&#8221;2984&#8243; img_size=&#8221;full&#8221; alignment=&#8221;center&#8221;][\/vc_column_inner][vc_column_inner width=&#8221;1\/4&#8243;][film_clearfix beau_xxl=&#8221;40px&#8221; beau_xl=&#8221;40px&#8221; beau_lg=&#8221;30px&#8221; beau_md=&#8221;30px&#8221; beau_sm=&#8221;20px&#8221; beau_xs=&#8221;20px&#8221;][vc_single_image image=&#8221;2983&#8243; img_size=&#8221;full&#8221; alignment=&#8221;center&#8221;][\/vc_column_inner][\/vc_row_inner][film_clearfix beau_xxl=&#8221;200px&#8221; beau_xl=&#8221;160px&#8221; beau_lg=&#8221;120px&#8221; beau_md=&#8221;80px&#8221; beau_sm=&#8221;40px&#8221; beau_xs=&#8221;30px&#8221;][\/vc_column][\/vc_row][vc_row el_class=&#8221;bong-lua-texte-normal&#8221;][vc_column][vc_column_text]<\/p>\n<p style=\"text-align: center;\"><strong>Our Passion: Adventures at sea<\/strong><br \/>\n<strong>Our credo is to film the most beautiful images<\/strong><br \/>\n<strong>and contribute to the conservation of wildlife and flora in the oceans.<\/strong><\/p>\n<p>[\/vc_column_text][film_clearfix beau_xxl=&#8221;50px&#8221; beau_xl=&#8221;50px&#8221; beau_lg=&#8221;40px&#8221; beau_md=&#8221;40px&#8221; beau_sm=&#8221;30px&#8221; beau_xs=&#8221;30px&#8221;][vc_single_image image=&#8221;2223&#8243; img_size=&#8221;full&#8221; alignment=&#8221;center&#8221;][film_clearfix beau_xxl=&#8221;100px&#8221; beau_xl=&#8221;80px&#8221; beau_lg=&#8221;60px&#8221; beau_md=&#8221;40px&#8221; beau_sm=&#8221;30px&#8221;][\/vc_column][\/vc_row][vc_row][vc_column][\/vc_column][\/vc_row]<\/p>\n","protected":false},"excerpt":{"rendered":"<p>[vc_section full_width=&#8221;stretch_row_content&#8221;][vc_row full_width=&#8221;stretch_row_content_no_spaces_content&#8221;][vc_column][vc_raw_html]JTNDZGl2JTIwY2xhc3MlM0QlMjJlbWJlZC1jb250YWluZXIlMjIlM0UlM0NpZnJhbWUlMjBzcmMlM0QlMjJodHRwcyUzQSUyRiUyRnBsYXllci52aW1lby5jb20lMkZ2aWRlbyUyRjI1MjcwNTU3MSUzRmF1dG9wbGF5JTNEMSUyNnRpdGxlJTNEMCUyNmJ5bGluZSUzRDAlMjZwb3J0cmFpdCUzRDAlMjIlMjBmcmFtZWJvcmRlciUzRCUyMjAlMjIlMjB3ZWJraXRBbGxvd0Z1bGxTY3JlZW4lMjBtb3phbGxvd2Z1bGxzY3JlZW4lMjBhbGxvd0Z1bGxTY3JlZW4lM0UlM0MlMkZpZnJhbWUlM0UlM0MlMkZkaXYlM0U=[\/vc_raw_html][film_clearfix beau_xxl=&#8221;100px&#8221; beau_xl=&#8221;80px&#8221; beau_lg=&#8221;60px&#8221; beau_md=&#8221;40px&#8221; beau_sm=&#8221;30px&#8221; beau_xs=&#8221;50px&#8221;][vc_column_text el_class=&#8221;title-desc&#8221; el_id=&#8221;ancrefilmsaccueil&#8221;] UNDERWATER CINEMATOGRAPHER FRANCE LABEL BLEU [\/vc_column_text][\/vc_column][\/vc_row][vc_row el_class=&#8221;image-cover&#8221;][vc_column][vc_single_image image=&#8221;256&#8243; img_size=&#8221;full&#8221; alignment=&#8221;center&#8221;][film_clearfix beau_xxl=&#8221;5rem&#8221; beau_xl=&#8221;4rem&#8221; beau_lg=&#8221;3rem&#8221; beau_md=&#8221;2rem&#8221;][\/vc_column][\/vc_row][vc_row full_width=&#8221;stretch_row_content_no_spaces_content&#8221;][vc_column][vc_row_inner el_class=&#8221;content-love-film content-viewmore&#8221;][vc_column_inner width=&#8221;1\/2&#8243;][vc_column_text] LABEL BLEU SUPPLIES SPECIALIST TAYLOR-MADE SERVICES TO FILM COMPANIES, TV CHANNELS AND TO THE INTERNET, FOR DOCUMENTARIES, NEWS PROGRAMMES, MAGAZINES AND LIVE BROADCASTS [\/vc_column_text][\/vc_column_inner][vc_column_inner width=&#8221;1\/2&#8243;][vc_column_text]We produce, [&hellip;]<\/p>\n","protected":false},"author":1,"featured_media":0,"parent":0,"menu_order":0,"comment_status":"closed","ping_status":"closed","template":"template-nonesidebar.php","meta":{"content-type":"","footnotes":""},"yoast_head":"<!-- This site is optimized with the Yoast SEO plugin v19.14 - https:\/\/yoast.com\/wordpress\/plugins\/seo\/ -->\n<title>Underwater cinematographer Europe, France<\/title>\n<meta name=\"description\" content=\"We can realize, organize, direct, produce underwater movies in Europe.\" \/>\n<meta name=\"robots\" content=\"index, follow, max-snippet:-1, max-image-preview:large, max-video-preview:-1\" \/>\n<link rel=\"canonical\" href=\"https:\/\/www.labelbleuproduction.com\/en\/\" \/>\n<meta property=\"og:locale\" content=\"en_US\" \/>\n<meta property=\"og:type\" content=\"article\" \/>\n<meta property=\"og:title\" content=\"Underwater cinematographer Europe, France\" \/>\n<meta property=\"og:description\" content=\"We can realize, organize, direct, produce underwater movies in Europe.\" \/>\n<meta property=\"og:url\" content=\"https:\/\/www.labelbleuproduction.com\/en\/\" \/>\n<meta property=\"og:site_name\" content=\"Label Bleu Production\" \/>\n<meta property=\"article:publisher\" content=\"https:\/\/www.facebook.com\/rene.heuzey\" \/>\n<meta property=\"article:modified_time\" content=\"2020-06-23T09:52:44+00:00\" \/>\n<meta name=\"twitter:card\" content=\"summary_large_image\" \/>\n<meta name=\"twitter:title\" content=\"Label Bleu Production\" \/>\n<meta name=\"twitter:description\" content=\"Nous intervenons en r\u00e9alisation, prestation, r\u00e9alisation, direction de tournage, production d\u00e9l\u00e9gu\u00e9e et nous produisons parfois nos films. Nous travaillons en \u00e9quipe l\u00e9g\u00e8re et nous disposons de relais dans les points les plus recul\u00e9s de la plan\u00e8te. Notre exp\u00e9rience et notre agilit\u00e9 nous permettent de r\u00e9pondre rapidement et dans le meilleur budget \u00e0 nos clients.\" \/>\n<meta name=\"twitter:label1\" content=\"Est. reading time\" \/>\n\t<meta name=\"twitter:data1\" content=\"6 minutes\" \/>\n<script type=\"application\/ld+json\" class=\"yoast-schema-graph\">{\"@context\":\"https:\/\/schema.org\",\"@graph\":[{\"@type\":\"WebPage\",\"@id\":\"https:\/\/www.labelbleuproduction.com\/en\/\",\"url\":\"https:\/\/www.labelbleuproduction.com\/en\/\",\"name\":\"Underwater cinematographer Europe, France\",\"isPartOf\":{\"@id\":\"https:\/\/www.labelbleuproduction.com\/en\/#website\"},\"datePublished\":\"2018-02-09T10:35:06+00:00\",\"dateModified\":\"2020-06-23T09:52:44+00:00\",\"description\":\"We can realize, organize, direct, produce underwater movies in Europe.\",\"breadcrumb\":{\"@id\":\"https:\/\/www.labelbleuproduction.com\/en\/#breadcrumb\"},\"inLanguage\":\"en-US\",\"potentialAction\":[{\"@type\":\"ReadAction\",\"target\":[\"https:\/\/www.labelbleuproduction.com\/en\/\"]}]},{\"@type\":\"BreadcrumbList\",\"@id\":\"https:\/\/www.labelbleuproduction.com\/en\/#breadcrumb\",\"itemListElement\":[{\"@type\":\"ListItem\",\"position\":1,\"name\":\"Home\",\"item\":\"https:\/\/www.labelbleuproduction.com\/en\/\"},{\"@type\":\"ListItem\",\"position\":2,\"name\":\"Underwater cinematographer\"}]},{\"@type\":\"WebSite\",\"@id\":\"https:\/\/www.labelbleuproduction.com\/en\/#website\",\"url\":\"https:\/\/www.labelbleuproduction.com\/en\/\",\"name\":\"Label Bleu Production\",\"description\":\"R\u00e9alisation et production de films sous-marins\",\"potentialAction\":[{\"@type\":\"SearchAction\",\"target\":{\"@type\":\"EntryPoint\",\"urlTemplate\":\"https:\/\/www.labelbleuproduction.com\/en\/?s={search_term_string}\"},\"query-input\":\"required name=search_term_string\"}],\"inLanguage\":\"en-US\"}]}<\/script>\n<!-- \/ Yoast SEO plugin. -->","yoast_head_json":{"title":"Underwater cinematographer Europe, France","description":"We can realize, organize, direct, produce underwater movies in Europe.","robots":{"index":"index","follow":"follow","max-snippet":"max-snippet:-1","max-image-preview":"max-image-preview:large","max-video-preview":"max-video-preview:-1"},"canonical":"https:\/\/www.labelbleuproduction.com\/en\/","og_locale":"en_US","og_type":"article","og_title":"Underwater cinematographer Europe, France","og_description":"We can realize, organize, direct, produce underwater movies in Europe.","og_url":"https:\/\/www.labelbleuproduction.com\/en\/","og_site_name":"Label Bleu Production","article_publisher":"https:\/\/www.facebook.com\/rene.heuzey","article_modified_time":"2020-06-23T09:52:44+00:00","twitter_card":"summary_large_image","twitter_title":"Label Bleu Production","twitter_description":"Nous intervenons en r\u00e9alisation, prestation, r\u00e9alisation, direction de tournage, production d\u00e9l\u00e9gu\u00e9e et nous produisons parfois nos films. Nous travaillons en \u00e9quipe l\u00e9g\u00e8re et nous disposons de relais dans les points les plus recul\u00e9s de la plan\u00e8te. Notre exp\u00e9rience et notre agilit\u00e9 nous permettent de r\u00e9pondre rapidement et dans le meilleur budget \u00e0 nos clients.","twitter_misc":{"Est. reading time":"6 minutes"},"schema":{"@context":"https:\/\/schema.org","@graph":[{"@type":"WebPage","@id":"https:\/\/www.labelbleuproduction.com\/en\/","url":"https:\/\/www.labelbleuproduction.com\/en\/","name":"Underwater cinematographer Europe, France","isPartOf":{"@id":"https:\/\/www.labelbleuproduction.com\/en\/#website"},"datePublished":"2018-02-09T10:35:06+00:00","dateModified":"2020-06-23T09:52:44+00:00","description":"We can realize, organize, direct, produce underwater movies in Europe.","breadcrumb":{"@id":"https:\/\/www.labelbleuproduction.com\/en\/#breadcrumb"},"inLanguage":"en-US","potentialAction":[{"@type":"ReadAction","target":["https:\/\/www.labelbleuproduction.com\/en\/"]}]},{"@type":"BreadcrumbList","@id":"https:\/\/www.labelbleuproduction.com\/en\/#breadcrumb","itemListElement":[{"@type":"ListItem","position":1,"name":"Home","item":"https:\/\/www.labelbleuproduction.com\/en\/"},{"@type":"ListItem","position":2,"name":"Underwater cinematographer"}]},{"@type":"WebSite","@id":"https:\/\/www.labelbleuproduction.com\/en\/#website","url":"https:\/\/www.labelbleuproduction.com\/en\/","name":"Label Bleu Production","description":"R\u00e9alisation et production de films sous-marins","potentialAction":[{"@type":"SearchAction","target":{"@type":"EntryPoint","urlTemplate":"https:\/\/www.labelbleuproduction.com\/en\/?s={search_term_string}"},"query-input":"required name=search_term_string"}],"inLanguage":"en-US"}]}},"_links":{"self":[{"href":"https:\/\/www.labelbleuproduction.com\/en\/wp-json\/wp\/v2\/pages\/3722"}],"collection":[{"href":"https:\/\/www.labelbleuproduction.com\/en\/wp-json\/wp\/v2\/pages"}],"about":[{"href":"https:\/\/www.labelbleuproduction.com\/en\/wp-json\/wp\/v2\/types\/page"}],"author":[{"embeddable":true,"href":"https:\/\/www.labelbleuproduction.com\/en\/wp-json\/wp\/v2\/users\/1"}],"replies":[{"embeddable":true,"href":"https:\/\/www.labelbleuproduction.com\/en\/wp-json\/wp\/v2\/comments?post=3722"}],"version-history":[{"count":14,"href":"https:\/\/www.labelbleuproduction.com\/en\/wp-json\/wp\/v2\/pages\/3722\/revisions"}],"predecessor-version":[{"id":5124,"href":"https:\/\/www.labelbleuproduction.com\/en\/wp-json\/wp\/v2\/pages\/3722\/revisions\/5124"}],"wp:attachment":[{"href":"https:\/\/www.labelbleuproduction.com\/en\/wp-json\/wp\/v2\/media?parent=3722"}],"curies":[{"name":"wp","href":"https:\/\/api.w.org\/{rel}","templated":true}]}}